{"id":134,"date":"2024-10-06T15:14:23","date_gmt":"2024-10-06T15:14:23","guid":{"rendered":"https:\/\/spuntech.com.br\/?page_id=134"},"modified":"2026-03-06T02:52:28","modified_gmt":"2026-03-06T02:52:28","slug":"termos-de-uso","status":"publish","type":"page","link":"https:\/\/spuntech.com.br\/?page_id=134","title":{"rendered":"Termos de Uso"},"content":{"rendered":"\n<h2 class=\"wp-block-heading\">1. Do aceite dos termos de uso<\/h2>\n\n\n\n<p>A utiliza\u00e7\u00e3o dos nossos sites implica na sua aceita\u00e7\u00e3o integral e plena do presente Termos de Uso. Por isso, sua leitura atenciosa \u00e9 imprescind\u00edvel.<\/p>\n\n\n\n<p>O presente instrumento regula o uso dos nossos sites e de todos os servi\u00e7os e produtos nela oferecidos pela Spun Media aos usu\u00e1rios.<\/p>\n\n\n\n<p>O uso dos nossos sites tamb\u00e9m lhe submete aos demais termos, regulamentos, pol\u00edticas, avisos que s\u00e3o disponibilizados ao usu\u00e1rio, assim como a atualiza\u00e7\u00e3o destes documentos.<\/p>\n\n\n\n<h2 class=\"wp-block-heading\">2. Condi\u00e7\u00f5es de acesso<\/h2>\n\n\n\n<p>Os sites da Spun Media est\u00e3o dispon\u00edveis para serem acessados gratuitamente a todos os usu\u00e1rios, mas cont\u00e9m servi\u00e7os e produtos de terceiros que podem ser cobrados, mas essa cobran\u00e7a nunca ser\u00e1 feita por n\u00f3s. Inicialmente n\u00e3o se faz necess\u00e1rio nenhum cadastro para acessar os nossos sites, por isso s\u00e3o considerados servi\u00e7os abertos, j\u00e1 para os que exigem uma inscri\u00e7\u00e3o, cadastros etc s\u00e3o considerados servi\u00e7os fechados.<\/p>\n\n\n\n<p>Para a devida utiliza\u00e7\u00e3o dos denominados servi\u00e7os fechados, o usu\u00e1rio deve apresentar dados e este declara desde j\u00e1 que todas as informa\u00e7\u00f5es apresentadas s\u00e3o verdadeiras e corretas e declara estar ciente que responder\u00e1 pelas falsas ou erros e informa\u00e7\u00f5es apresentados.<\/p>\n\n\n\n<p>Caso o usu\u00e1rio for menor de idade, deve abster-se de utilizar a nossa plataforma e pedir aos seus pais ou respons\u00e1veis para utilizarem os sites, servi\u00e7os ou produtos.&nbsp;<\/p>\n\n\n\n<p>O usu\u00e1rio declara que concorda e compromete-se a usar qualquer dos nossos sites, servi\u00e7os ou produtos somente para os fins permitidos e de acordo com os termos constantes neste instrumento e que \u00e9 o respons\u00e1vel integral pelo uso em desacordo com nossos Termos de Uso, devendo assumir todas as consequ\u00eancias dessa atitude, reconhecendo que a Spun Media n\u00e3o tem nenhuma responsabilidade por esses atos perante ele ou a terceiros. Responde ainda por todo e qualquer preju\u00edzo causado a Spun Media.<\/p>\n\n\n\n<p>O acesso aos sites da Spun Media n\u00e3o lhe permite utilizar, copiar, reproduzir, modificar etc qualquer conte\u00fado, servi\u00e7o ou produto. Fica permitido o compartilhamento junto \u00e0s redes sociais, no entanto, o usu\u00e1rio que fizer isso est\u00e1 sujeito aos termos de uso e pol\u00edtica de privacidade destes sites.<\/p>\n\n\n\n<h2 class=\"wp-block-heading\">3. Pol\u00edtica de privacidade<\/h2>\n\n\n\n<p>Todas as informa\u00e7\u00f5es inerentes sobre a prote\u00e7\u00e3o de privacidade dos usu\u00e1rios encontram-se na Pol\u00edtica de Privacidade da Spun Media.<\/p>\n\n\n\n<h2 class=\"wp-block-heading\">4. Responsabilidades<\/h2>\n\n\n\n<p>A Spun Media sempre busca oferecer o acesso a plataforma, servi\u00e7os e produtos com a maior qualidade poss\u00edvel, por isso, pode haver casos que esta presta\u00e7\u00e3o pode ser momentaneamente interrompida para que sejam realizadas repara\u00e7\u00f5es t\u00e9cnicas e operacionais (marcadas ou n\u00e3o). Caso enfrente algum problema em nossa plataforma, entre em contato conosco o mais r\u00e1pido poss\u00edvel.<\/p>\n\n\n\n<p>Nossa plataforma pode aceitar expor banner, bot\u00f5es, backlinks, ferramentas etc de terceiros, com isso, o usu\u00e1rio deve estar ciente que ao clicar neles, ser\u00e3o redirecionados para outros locais fora da nossa responsabilidade, devendo buscar ler e aceitar os termos de uso desses terceiros.<\/p>\n\n\n\n<p>Nas p\u00e1ginas dos nossos sites podem haver espa\u00e7os para coment\u00e1rios dos usu\u00e1rios, esses declaram que todo e qualquer conte\u00fado publicado ser\u00e1 apenas de sua responsabilidade, respondendo sobre perdas e danos causados a Spun Media ou a terceiros. Caso veja algo ofensivo ou de alguma forma prejudicial, entre em contato conosco imediatamente.<\/p>\n\n\n\n<p>A Spun Media preza pelo sigilo e seguran\u00e7a de todos os seus usu\u00e1rios, por isso, adota medidas de seguran\u00e7a para proteger os dados cadastrais fornecidos por voc\u00ea em algum momento. Mas ressaltamos que nenhum mecanismo \u00e9 100% seguro, por isso, a Spun Media n\u00e3o ser\u00e1 responsabilizada por danos decorrentes de caso fortuito e\/ou de for\u00e7a maior.<\/p>\n\n\n\n<h3 class=\"wp-block-heading\">4.1. Isen\u00e7\u00e3o de responsabilidade<\/h3>\n\n\n\n<p>Nossos sites tem o objetivo de fornecer informa\u00e7\u00f5es e recomenda\u00e7\u00f5es sobre cart\u00f5es de cr\u00e9dito e servi\u00e7os financeiros em geral. Queremos ressaltar que somos uma empresa que oferece servi\u00e7os apenas de cria\u00e7\u00e3o desse tipo de conte\u00fado, e n\u00e3o representamos nenhuma institui\u00e7\u00e3o financeira espec\u00edfica. N\u00e3o temos responsabilidade sobre a aprova\u00e7\u00e3o ou nega\u00e7\u00e3o de qualquer limite de cr\u00e9dito, nem nos responsabilizamos por quaisquer decis\u00f5es tomadas com base nas informa\u00e7\u00f5es fornecidas. \u00c9 importante que cada usu\u00e1rio avalie as op\u00e7\u00f5es e termos dos cart\u00f5es de cr\u00e9dito ou servi\u00e7os financeiros em geral, diretamente com as institui\u00e7\u00f5es financeiras. Quaisquer quest\u00f5es ou d\u00favidas devem ser direcionadas aos respectivos fornecedores de cart\u00e3o de cr\u00e9dito. Nossos sites s\u00e3o apenas para fins informativos e n\u00e3o devem ser considerados como aconselhamento financeiro ou jur\u00eddico.<\/p>\n\n\n\n<h3 class=\"wp-block-heading\">4.2. Limita\u00e7\u00f5es<\/h3>\n\n\n\n<p>Em nenhum caso a Spun Media ou suas empresas ser\u00e3o respons\u00e1veis \u200b\u200bpor quaisquer danos (incluindo, sem limita\u00e7\u00e3o, danos por perda de dados ou lucro ou devido a interrup\u00e7\u00e3o dos neg\u00f3cios) decorrentes do uso ou da incapacidade de usar os nossos sites.<\/p>\n\n\n\n<h3 class=\"wp-block-heading\">4.3. Precis\u00e3o dos conte\u00fados<\/h3>\n\n\n\n<p>Os conte\u00fados exibidos nos sites da Spun Media podem incluir erros t\u00e9cnicos, tipogr\u00e1ficos ou fotogr\u00e1ficos, desatualiza\u00e7\u00e3o, informa\u00e7\u00f5es incompletas etc. A Spun Media n\u00e3o garante que qualquer conte\u00fado em seus sites sejam precisos, completos ou atuais. A Spun Media pode fazer altera\u00e7\u00f5es nos conte\u00fados contidos em seus sites a qualquer momento, sem aviso pr\u00e9vio. No entanto, n\u00e3o se compromete a atualizar os materiais.<\/p>\n\n\n\n<h2 class=\"wp-block-heading\">5. Propriedade intelectual<\/h2>\n\n\n\n<p>Todas as marcas, logotipo, logomarca, conte\u00fado, imagens, slogan, nome comercial dos s\u00edmbolos de qualquer esp\u00e9cie que estejam vinculadas a Spun Media, suas empresas ou de seus parceiros, s\u00e3o de uso exclusivo de seus titulares.&nbsp;<\/p>\n\n\n\n<p>O acesso livre a nossa plataforma n\u00e3o concede, em hip\u00f3tese alguma, autoriza\u00e7\u00e3o, cess\u00e3o ou licenciamento para usar nenhuma propriedade intelectual da Spun Media.<\/p>\n\n\n\n<p>Para utilizar propriedade intelectual da Spun Media, \u00e9 necess\u00e1rio fazer solicita\u00e7\u00e3o formal, via e-mail:\u00a0<a>contato<\/a>@spun.com.br e aguardar resposta positiva.<\/p>\n\n\n\n<h2 class=\"wp-block-heading\">6. Den\u00fancia de viola\u00e7\u00e3o aos termos de uso<\/h2>\n\n\n\n<p>Caso durante o uso de qualquer site da Spun Media, servi\u00e7os ou produtos o usu\u00e1rio detectar qualquer irregularidade com os Termos de Uso, Pol\u00edtica de Privacidade ou alguma atividade il\u00edcita perante a legisla\u00e7\u00e3o da Rep\u00fablica Federativa do Brasil, pode comunicar a Spun Media.<\/p>\n\n\n\n<p>Em seu comunicado, o usu\u00e1rio deve apresentar com a maior riqueza de detalhes poss\u00edvel o que lhe levou a reportar tal situa\u00e7\u00e3o<\/p>\n\n\n\n<p>A Spun Media, ap\u00f3s avaliar a situa\u00e7\u00e3o, poder\u00e1 remover, caso haja condi\u00e7\u00f5es t\u00e9cnicas para isso, conte\u00fado, produto, servi\u00e7os etc, que forem contr\u00e1rios aos Termos de Uso, Pol\u00edtica de Privacidade e\/ou a lei nacional.<\/p>\n\n\n\n<h2 class=\"wp-block-heading\">7. Mudan\u00e7a nos termos de uso<\/h2>\n\n\n\n<p>Estamos sempre buscando o melhor para os nossos usu\u00e1rios e clientes, por isso, eventualmente, a Spun Media pode alterar os Termos de Uso.<\/p>\n\n\n\n<p>Por isso, o usu\u00e1rio deve constantemente consultar a p\u00e1gina dos Termos de Uso para que, caso discorde da mudan\u00e7a, contatar a Spun Media ou simplesmente descontinue o uso dos nossos sites.<\/p>\n\n\n\n<h2 class=\"wp-block-heading\">8. Legisla\u00e7\u00e3o aplic\u00e1vel<\/h2>\n\n\n\n<p>Este Termo de Uso \u00e9 regido dentro das legisla\u00e7\u00f5es vigentes na Rep\u00fablica Federativa do Brasil. Qualquer controv\u00e9rsia que deva ser discutida judicialmente dever\u00e1 ser julgada pela lei deste pa\u00eds e em seus tribunais, ficando eleito, desde j\u00e1, como \u00fanico foro competente, o da cidade de Pelotas \u2013 RS.<\/p>\n\n\n\n<h2 class=\"wp-block-heading\">9. Fale conosco&nbsp;<\/h2>\n\n\n\n<p>Voc\u00ea pode falar com a Spun Media atrav\u00e9s do e-mail: contato@spun.com.br, sempre que tiver alguma d\u00favida ou alguma necessidade de contatar nossa equipe.<\/p>\n\n\n\n<p>\u00c9 importante estar atento (a) e verificar se os Termos de Uso \u00e9 a vers\u00e3o mais atualizada, ao navegar pela nossa plataforma.&nbsp;<\/p>\n\n\n\n<p>\u00c9 um prazer enorme para a Spun Media responder todos os contatos.<\/p>\n\n\n\n<p><strong>\u00daltima atualiza\u00e7\u00e3o:<\/strong>&nbsp;dia 31 de maio de 2023<\/p>\n\n\n\n<p>SPUN MEDIA&nbsp;<\/p>\n","protected":false},"excerpt":{"rendered":"<p>1. Do aceite dos termos de uso A utiliza\u00e7\u00e3o dos nossos sites implica na sua aceita\u00e7\u00e3o integral e plena do presente Termos de Uso. Por isso, sua leitura atenciosa \u00e9 imprescind\u00edvel. O presente instrumento regula o uso dos nossos sites e de todos os servi\u00e7os e produtos nela oferecidos pela Spun Media aos usu\u00e1rios. O [&hellip;]<\/p>\n","protected":false},"author":1,"featured_media":0,"parent":0,"menu_order":0,"comment_status":"closed","ping_status":"closed","template":"","meta":{"footnotes":""},"class_list":["post-134","page","type-page","status-publish","hentry"],"_links":{"self":[{"href":"https:\/\/spuntech.com.br\/index.php?rest_route=\/wp\/v2\/pages\/134","targetHints":{"allow":["GET"]}}],"collection":[{"href":"https:\/\/spuntech.com.br\/index.php?rest_route=\/wp\/v2\/pages"}],"about":[{"href":"https:\/\/spuntech.com.br\/index.php?rest_route=\/wp\/v2\/types\/page"}],"author":[{"embeddable":true,"href":"https:\/\/spuntech.com.br\/index.php?rest_route=\/wp\/v2\/users\/1"}],"replies":[{"embeddable":true,"href":"https:\/\/spuntech.com.br\/index.php?rest_route=%2Fwp%2Fv2%2Fcomments&post=134"}],"version-history":[{"count":2,"href":"https:\/\/spuntech.com.br\/index.php?rest_route=\/wp\/v2\/pages\/134\/revisions"}],"predecessor-version":[{"id":188,"href":"https:\/\/spuntech.com.br\/index.php?rest_route=\/wp\/v2\/pages\/134\/revisions\/188"}],"wp:attachment":[{"href":"https:\/\/spuntech.com.br\/index.php?rest_route=%2Fwp%2Fv2%2Fmedia&parent=134"}],"curies":[{"name":"wp","href":"https:\/\/api.w.org\/{rel}","templated":true}]}}